{"id":134,"date":"2023-05-26T14:44:17","date_gmt":"2023-05-26T12:44:17","guid":{"rendered":"http:\/\/localhost:8080\/?page_id=134"},"modified":"2025-03-17T23:51:04","modified_gmt":"2025-03-17T22:51:04","slug":"taekwondo","status":"publish","type":"page","link":"https:\/\/www.kdsport.de\/?page_id=134","title":{"rendered":"Taekwondo"},"content":{"rendered":"\n<p>TaeKwonDo ist eine traditionelle, koreanische Kampfkunst. Die Bewegung wird durch H\u00e4nde, F\u00fc\u00dfe, K\u00f6rper und Geist in eine Handlung umgesetzt.<\/p>\n\n\n\n<p>Dies meint: \u201eTAE\u2013 Fu\u00df\u201c, \u201eKWON \u2013 Faust\u201c, \u201eDO \u2013 Weg oder Mentaltraining\u201c. TaeKwonDo ist eine Bewegungskunst, um sich im Falle eines Angriffs zu verteidigen und dient dazu, durch das Training des Animus sowohl den K\u00f6rper als auch den Charakter auszubilden.<\/p>\n\n\n\n<figure class=\"wp-block-image size-full\"><img loading=\"lazy\" decoding=\"async\" width=\"800\" height=\"536\" src=\"https:\/\/www.kdsport.de\/wp-content\/uploads\/2023\/05\/Pfingstlehrgang_2013_187.jpg\" alt=\"\" class=\"wp-image-135\" srcset=\"https:\/\/www.kdsport.de\/wp-content\/uploads\/2023\/05\/Pfingstlehrgang_2013_187.jpg 800w, https:\/\/www.kdsport.de\/wp-content\/uploads\/2023\/05\/Pfingstlehrgang_2013_187-300x201.jpg 300w, https:\/\/www.kdsport.de\/wp-content\/uploads\/2023\/05\/Pfingstlehrgang_2013_187-768x515.jpg 768w\" sizes=\"auto, (max-width: 800px) 100vw, 800px\" \/><\/figure>\n\n\n\n<p>TaeKwonDo spielt auch eine wichtige Rolle bei Ausbau und Bewahren k\u00f6rperlicher und geistiger Energien, die helfen, Schwierigkeiten des Alltags zu meistern. Das<br>k\u00f6rperliche Training dient nicht nur der Ausbildung von K\u00f6rperfunktionen, sondern auch als grundlegende Kraft, die den Antrieb des menschlichen Lebens bildet (= mens sana in corpore sano).<\/p>\n\n\n\n<p>Man kann TaeKwonDo als eine ganzheitliche Bewegungsform \u2212 f\u00fcr die F\u00fc\u00dfe, die H\u00e4nde und den Geist \u2212 definieren. Es unterst\u00fctzt als Sport und milit\u00e4rische<br>Kampfkunst die Gesundheit, durch diszipliniertes Training sowohl das zivile wie auch das milit\u00e4rische Leben und f\u00f6rdert durch Mentaltraining und individuelle Trainingsmethodik die Entwicklung eines Menschen.<\/p>\n","protected":false},"excerpt":{"rendered":"<p>TaeKwonDo ist eine traditionelle, koreanische Kampfkunst. Die Bewegung wird durch H\u00e4nde, F\u00fc\u00dfe, K\u00f6rper und Geist in eine Handlung umgesetzt. Dies meint: \u201eTAE\u2013 Fu\u00df\u201c, \u201eKWON \u2013 Faust\u201c, \u201eDO \u2013 Weg oder Mentaltraining\u201c. TaeKwonDo ist eine Bewegungskunst, um sich im Falle eines Angriffs zu verteidigen und dient dazu, durch das Training des Animus sowohl den K\u00f6rper als [&hellip;]<\/p>\n","protected":false},"author":2,"featured_media":0,"parent":15,"menu_order":0,"comment_status":"closed","ping_status":"closed","template":"","meta":{"footnotes":""},"class_list":["post-134","page","type-page","status-publish","hentry"],"_links":{"self":[{"href":"https:\/\/www.kdsport.de\/index.php?rest_route=\/wp\/v2\/pages\/134","targetHints":{"allow":["GET"]}}],"collection":[{"href":"https:\/\/www.kdsport.de\/index.php?rest_route=\/wp\/v2\/pages"}],"about":[{"href":"https:\/\/www.kdsport.de\/index.php?rest_route=\/wp\/v2\/types\/page"}],"author":[{"embeddable":true,"href":"https:\/\/www.kdsport.de\/index.php?rest_route=\/wp\/v2\/users\/2"}],"replies":[{"embeddable":true,"href":"https:\/\/www.kdsport.de\/index.php?rest_route=%2Fwp%2Fv2%2Fcomments&post=134"}],"version-history":[{"count":7,"href":"https:\/\/www.kdsport.de\/index.php?rest_route=\/wp\/v2\/pages\/134\/revisions"}],"predecessor-version":[{"id":515,"href":"https:\/\/www.kdsport.de\/index.php?rest_route=\/wp\/v2\/pages\/134\/revisions\/515"}],"up":[{"embeddable":true,"href":"https:\/\/www.kdsport.de\/index.php?rest_route=\/wp\/v2\/pages\/15"}],"wp:attachment":[{"href":"https:\/\/www.kdsport.de\/index.php?rest_route=%2Fwp%2Fv2%2Fmedia&parent=134"}],"curies":[{"name":"wp","href":"https:\/\/api.w.org\/{rel}","templated":true}]}}