{"id":15,"date":"2023-05-24T00:41:27","date_gmt":"2023-05-23T22:41:27","guid":{"rendered":"http:\/\/localhost:8080\/?page_id=15"},"modified":"2024-03-23T00:09:07","modified_gmt":"2024-03-22T23:09:07","slug":"ueber-uns","status":"publish","type":"page","link":"https:\/\/www.kdsport.de\/?page_id=15","title":{"rendered":"\u00dcber uns"},"content":{"rendered":"\n<h6 class=\"wp-block-heading\">Koreanisch Deutsches Sportinstitut e.V.<\/h6>\n\n\n\n<p>Jeder m\u00f6chte gerne mit viel Spa\u00df fit und gesund bleiben. Aus diesem Grund besuchen wir die verschiedensten Sportvereine. Die Vielfalt dieser Vereine macht es einem leicht, unterschiedlichste Sportarten zu betreiben. Dabei zielen allerdings viele Sportvereine und Fitnessstudios vorrangig auf die Ert\u00fcchtigung des K\u00f6rpers ab. Man sollte jedoch nicht nur die k\u00f6rperliche, sondern auch die geistige Gesundheit f\u00f6rdern. Sie spielt sowohl f\u00fcr Erwachsene, als auch f\u00fcr Kinder und Jugendliche eine wichtige Rolle. In letzter Zeit gibt es in Deutschland, wie auch in anderen Teilen Europas und der westlichen Welt, ein gro\u00dfes Interesse an asiatischer Kultur, insbesondere auch der geistigen Kultur. Trotz dieses gro\u00dfen Interesses gibt es noch immer kaum Vereine und Clubs, in denen diese geistige Kultur vermittelt wird, insbesondere in Verbindung mit asiatischem k\u00f6rperlichem Training. Aus diesem Grund ist unser Verein gegr\u00fcndet und gef\u00f6rdert worden.<\/p>\n\n\n\n<p>S\u00fcdkorea ist noch weniger bekannt als China oder Japan. Trotzdem ist TaeKwonDo sehr bekannt. In Korea ist TaeKwonDo sowohl ein k\u00f6rperlich-geistiges Training als auch eine Erziehung daf\u00fcr, wie man auf dem rechten Weg geht. Was wir etwas bedauern ist, dass die meisten Menschen TaeKwonDo allein als Kampfsport sehen. Der k\u00e4mpferische Aspekt ist aber nur ein Teil des TaeKwonDo. In Korea wird TaeKwonDo nicht rein als Sport, sondern dar\u00fcber hinaus als Kultur bezeichnet. Unser Ziel ist es, durch TaeKwonDo zur Verbesserung beider Seiten des Alltagslebens &#8211; also der k\u00f6rperlichen und der geistigen Seite &#8211; beizutragen. Wir bieten TaeKwonDo als&nbsp;<strong>Breitensport<\/strong>&nbsp;an und m\u00f6chten damit den Weg f\u00fcr Interessenten jeder Altersgruppe ebnen.<\/p>\n\n\n\n<p>Mit unserem&nbsp;<strong>Gro\u00dfmeister (Sabeomnim) Ryu, Seung-Seok<\/strong>&nbsp;haben wir die einmalige Chance diese Kampfkunst vom Original zu erlernen. Ryu Sabeomnim ist in S\u00fcdkorea aufgewachsen und hat dort nicht nur diese Kampfkunst von Kindheit an erlernt, sondern auch studiert und durch die Teilnahme an verschiedenen Meisterschaften der&nbsp;<strong>WTF<\/strong>&nbsp;(World Taekwondo Federation) erfolgreich praktiziert.<\/p>\n\n\n\n<p><strong>Meister Stefan Knaup<\/strong>&nbsp;bietet den Mitgliedern die Gelegenheit durch ein speziell auf TaeKwonDo zugeschnittenes Fitnesstraining den Muskelaufbau und die Kondition zu f\u00f6rdern.<\/p>\n","protected":false},"excerpt":{"rendered":"<p>Koreanisch Deutsches Sportinstitut e.V. Jeder m\u00f6chte gerne mit viel Spa\u00df fit und gesund bleiben. Aus diesem Grund besuchen wir die verschiedensten Sportvereine. Die Vielfalt dieser Vereine macht es einem leicht, unterschiedlichste Sportarten zu betreiben. Dabei zielen allerdings viele Sportvereine und Fitnessstudios vorrangig auf die Ert\u00fcchtigung des K\u00f6rpers ab. Man sollte jedoch nicht nur die k\u00f6rperliche, [&hellip;]<\/p>\n","protected":false},"author":2,"featured_media":0,"parent":0,"menu_order":0,"comment_status":"closed","ping_status":"closed","template":"","meta":{"footnotes":""},"class_list":["post-15","page","type-page","status-publish","hentry"],"_links":{"self":[{"href":"https:\/\/www.kdsport.de\/index.php?rest_route=\/wp\/v2\/pages\/15","targetHints":{"allow":["GET"]}}],"collection":[{"href":"https:\/\/www.kdsport.de\/index.php?rest_route=\/wp\/v2\/pages"}],"about":[{"href":"https:\/\/www.kdsport.de\/index.php?rest_route=\/wp\/v2\/types\/page"}],"author":[{"embeddable":true,"href":"https:\/\/www.kdsport.de\/index.php?rest_route=\/wp\/v2\/users\/2"}],"replies":[{"embeddable":true,"href":"https:\/\/www.kdsport.de\/index.php?rest_route=%2Fwp%2Fv2%2Fcomments&post=15"}],"version-history":[{"count":2,"href":"https:\/\/www.kdsport.de\/index.php?rest_route=\/wp\/v2\/pages\/15\/revisions"}],"predecessor-version":[{"id":72,"href":"https:\/\/www.kdsport.de\/index.php?rest_route=\/wp\/v2\/pages\/15\/revisions\/72"}],"wp:attachment":[{"href":"https:\/\/www.kdsport.de\/index.php?rest_route=%2Fwp%2Fv2%2Fmedia&parent=15"}],"curies":[{"name":"wp","href":"https:\/\/api.w.org\/{rel}","templated":true}]}}