{"id":17,"date":"2023-05-24T00:49:38","date_gmt":"2023-05-23T22:49:38","guid":{"rendered":"http:\/\/localhost:8080\/?page_id=17"},"modified":"2025-03-18T00:30:14","modified_gmt":"2025-03-17T23:30:14","slug":"seung-seok-ryu-taekwondo-8-dan","status":"publish","type":"page","link":"https:\/\/www.kdsport.de\/?page_id=17","title":{"rendered":"Gro\u00dfmeister Ryu"},"content":{"rendered":"\n<h3 class=\"wp-block-heading has-text-align-center\">Seung-Seok Ryu TaeKwonDo 8.Dan<\/h3>\n\n\n<div class=\"wp-block-image\">\n<figure class=\"aligncenter size-full is-resized\"><img loading=\"lazy\" decoding=\"async\" width=\"656\" height=\"800\" src=\"https:\/\/www.kdsport.de\/wp-content\/uploads\/2025\/02\/Ryu-Seung-Seok.png\" alt=\"\" class=\"wp-image-389\" style=\"aspect-ratio:0.75;object-fit:cover;width:466px;height:auto\" srcset=\"https:\/\/www.kdsport.de\/wp-content\/uploads\/2025\/02\/Ryu-Seung-Seok.png 656w, https:\/\/www.kdsport.de\/wp-content\/uploads\/2025\/02\/Ryu-Seung-Seok-246x300.png 246w\" sizes=\"auto, (max-width: 656px) 100vw, 656px\" \/><figcaption class=\"wp-element-caption\">Dipl. Sportwissenschaftler \/ Sportlehrer (TU M\u00fcnchen, Yong-In Univ.)<br>Bachelor of Physical Education (TaeKwonDo Fakult\u00e4t, Yong-In Univ.)<br>Trainerausbildung der World TaeKwondo Federation (WTF, Kukkiwon)<br>Pr\u00fcfer, Internationaler und Bundeskampfrichter (Kukkiwon, KTA, DTU, WTF)<br>Schulmeister des Koreanischen Kulturministeriums (1988, 1990)<br>Trainerlizent A der Deutschen TaeKwonDo Union (DTU)<br>Mitglied im ehemaligen Demoteam der World TaeKwonDo Mission<br>Referent am Institut f\u00fcr Mental- und Verhaltenstraining (IMV)<br>Leiter des Koreanisch Deutschen Sportinstituts e.V. (Inst. f\u00fcr TaeKwonDo)<\/figcaption><\/figure>\n<\/div>","protected":false},"excerpt":{"rendered":"<p>Seung-Seok Ryu TaeKwonDo 8.Dan<\/p>\n","protected":false},"author":2,"featured_media":0,"parent":15,"menu_order":1,"comment_status":"closed","ping_status":"closed","template":"","meta":{"footnotes":""},"class_list":["post-17","page","type-page","status-publish","hentry"],"_links":{"self":[{"href":"https:\/\/www.kdsport.de\/index.php?rest_route=\/wp\/v2\/pages\/17","targetHints":{"allow":["GET"]}}],"collection":[{"href":"https:\/\/www.kdsport.de\/index.php?rest_route=\/wp\/v2\/pages"}],"about":[{"href":"https:\/\/www.kdsport.de\/index.php?rest_route=\/wp\/v2\/types\/page"}],"author":[{"embeddable":true,"href":"https:\/\/www.kdsport.de\/index.php?rest_route=\/wp\/v2\/users\/2"}],"replies":[{"embeddable":true,"href":"https:\/\/www.kdsport.de\/index.php?rest_route=%2Fwp%2Fv2%2Fcomments&post=17"}],"version-history":[{"count":16,"href":"https:\/\/www.kdsport.de\/index.php?rest_route=\/wp\/v2\/pages\/17\/revisions"}],"predecessor-version":[{"id":545,"href":"https:\/\/www.kdsport.de\/index.php?rest_route=\/wp\/v2\/pages\/17\/revisions\/545"}],"up":[{"embeddable":true,"href":"https:\/\/www.kdsport.de\/index.php?rest_route=\/wp\/v2\/pages\/15"}],"wp:attachment":[{"href":"https:\/\/www.kdsport.de\/index.php?rest_route=%2Fwp%2Fv2%2Fmedia&parent=17"}],"curies":[{"name":"wp","href":"https:\/\/api.w.org\/{rel}","templated":true}]}}