{"id":26,"date":"2023-05-24T01:04:28","date_gmt":"2023-05-23T23:04:28","guid":{"rendered":"http:\/\/localhost:8080\/?page_id=26"},"modified":"2023-05-25T21:57:08","modified_gmt":"2023-05-25T19:57:08","slug":"training","status":"publish","type":"page","link":"https:\/\/www.kdsport.de\/?page_id=26","title":{"rendered":"Training"},"content":{"rendered":"\n<h6 class=\"wp-block-heading\">Wir sind Mitglied des Kukkiwon und der World TaeKwonDo Federation, S\u00fcdkorea.<\/h6>\n\n\n\n<figure class=\"wp-block-image size-full\"><img loading=\"lazy\" decoding=\"async\" width=\"800\" height=\"536\" src=\"http:\/\/localhost:8080\/wp-content\/uploads\/2023\/05\/Pfingstlehrgang_2013_056.jpg\" alt=\"\" class=\"wp-image-27\" srcset=\"https:\/\/www.kdsport.de\/wp-content\/uploads\/2023\/05\/Pfingstlehrgang_2013_056.jpg 800w, https:\/\/www.kdsport.de\/wp-content\/uploads\/2023\/05\/Pfingstlehrgang_2013_056-300x201.jpg 300w, https:\/\/www.kdsport.de\/wp-content\/uploads\/2023\/05\/Pfingstlehrgang_2013_056-768x515.jpg 768w\" sizes=\"auto, (max-width: 800px) 100vw, 800px\" \/><\/figure>\n\n\n\n<p>Wir laufen die Formen (Poomsae) wie sie vom Kukkiwon Korea festgelegt wurden. Zu den Pr\u00fcfungsinhalten geh\u00f6ren au\u00dferdem Einschrittkampftechniken, Bruchtests sowie Freikampf. Die Grundtechniken (wie unten) werden auch im Unterricht behandelt.<\/p>\n","protected":false},"excerpt":{"rendered":"<p>Wir sind Mitglied des Kukkiwon und der World TaeKwonDo Federation, S\u00fcdkorea. Wir laufen die Formen (Poomsae) wie sie vom Kukkiwon Korea festgelegt wurden. Zu den Pr\u00fcfungsinhalten geh\u00f6ren au\u00dferdem Einschrittkampftechniken, Bruchtests sowie Freikampf. Die Grundtechniken (wie unten) werden auch im Unterricht behandelt.<\/p>\n","protected":false},"author":2,"featured_media":0,"parent":0,"menu_order":1,"comment_status":"closed","ping_status":"closed","template":"","meta":{"footnotes":""},"class_list":["post-26","page","type-page","status-publish","hentry"],"_links":{"self":[{"href":"https:\/\/www.kdsport.de\/index.php?rest_route=\/wp\/v2\/pages\/26","targetHints":{"allow":["GET"]}}],"collection":[{"href":"https:\/\/www.kdsport.de\/index.php?rest_route=\/wp\/v2\/pages"}],"about":[{"href":"https:\/\/www.kdsport.de\/index.php?rest_route=\/wp\/v2\/types\/page"}],"author":[{"embeddable":true,"href":"https:\/\/www.kdsport.de\/index.php?rest_route=\/wp\/v2\/users\/2"}],"replies":[{"embeddable":true,"href":"https:\/\/www.kdsport.de\/index.php?rest_route=%2Fwp%2Fv2%2Fcomments&post=26"}],"version-history":[{"count":2,"href":"https:\/\/www.kdsport.de\/index.php?rest_route=\/wp\/v2\/pages\/26\/revisions"}],"predecessor-version":[{"id":71,"href":"https:\/\/www.kdsport.de\/index.php?rest_route=\/wp\/v2\/pages\/26\/revisions\/71"}],"wp:attachment":[{"href":"https:\/\/www.kdsport.de\/index.php?rest_route=%2Fwp%2Fv2%2Fmedia&parent=26"}],"curies":[{"name":"wp","href":"https:\/\/api.w.org\/{rel}","templated":true}]}}