{"id":449,"date":"2025-03-11T22:28:21","date_gmt":"2025-03-11T21:28:21","guid":{"rendered":"https:\/\/www.kdsport.de\/?page_id=449"},"modified":"2025-03-18T00:36:30","modified_gmt":"2025-03-17T23:36:30","slug":"taekwondo-lehrgang-in-bobingen-2025","status":"publish","type":"page","link":"https:\/\/www.kdsport.de\/?page_id=449","title":{"rendered":"Taekwondo-Lehrgang Bobingen 2025"},"content":{"rendered":"\n<p>Am 1. M\u00e4rz 2025 nahm KD Sport an einem hochkar\u00e4tigen Taekwondo-Lehrgang in Bobingen teil. Vier renommierte Gro\u00dfmeister vermittelten ihr Wissen in den Bereichen Wettkampf, Formenlauf und Pratzentraining. KD Sport bedankt sich f\u00fcr die inspirierende Veranstaltung und freut sich auf zuk\u00fcnftige Lehrg\u00e4nge!<\/p>\n\n\n\n<figure class=\"wp-block-gallery has-nested-images columns-default is-cropped wp-block-gallery-1 is-layout-flex wp-block-gallery-is-layout-flex\">\n<figure class=\"wp-block-image size-large\"><img loading=\"lazy\" decoding=\"async\" width=\"1024\" height=\"683\" data-id=\"464\" src=\"https:\/\/www.kdsport.de\/wp-content\/uploads\/2025\/03\/DSC00990-2-1024x683.jpg\" alt=\"\" class=\"wp-image-464\" srcset=\"https:\/\/www.kdsport.de\/wp-content\/uploads\/2025\/03\/DSC00990-2-1024x683.jpg 1024w, https:\/\/www.kdsport.de\/wp-content\/uploads\/2025\/03\/DSC00990-2-300x200.jpg 300w, https:\/\/www.kdsport.de\/wp-content\/uploads\/2025\/03\/DSC00990-2-768x512.jpg 768w, https:\/\/www.kdsport.de\/wp-content\/uploads\/2025\/03\/DSC00990-2-1536x1024.jpg 1536w, https:\/\/www.kdsport.de\/wp-content\/uploads\/2025\/03\/DSC00990-2-2048x1365.jpg 2048w\" sizes=\"auto, (max-width: 1024px) 100vw, 1024px\" \/><\/figure>\n\n\n\n<figure class=\"wp-block-image size-large\"><img loading=\"lazy\" decoding=\"async\" width=\"1024\" height=\"683\" data-id=\"454\" src=\"https:\/\/www.kdsport.de\/wp-content\/uploads\/2025\/03\/DSC00798-2-1024x683.jpg\" alt=\"\" class=\"wp-image-454\" srcset=\"https:\/\/www.kdsport.de\/wp-content\/uploads\/2025\/03\/DSC00798-2-1024x683.jpg 1024w, https:\/\/www.kdsport.de\/wp-content\/uploads\/2025\/03\/DSC00798-2-300x200.jpg 300w, https:\/\/www.kdsport.de\/wp-content\/uploads\/2025\/03\/DSC00798-2-768x512.jpg 768w, https:\/\/www.kdsport.de\/wp-content\/uploads\/2025\/03\/DSC00798-2-1536x1024.jpg 1536w, https:\/\/www.kdsport.de\/wp-content\/uploads\/2025\/03\/DSC00798-2-2048x1365.jpg 2048w\" sizes=\"auto, (max-width: 1024px) 100vw, 1024px\" \/><\/figure>\n\n\n\n<figure class=\"wp-block-image size-large\"><img loading=\"lazy\" decoding=\"async\" width=\"1024\" height=\"683\" data-id=\"455\" src=\"https:\/\/www.kdsport.de\/wp-content\/uploads\/2025\/03\/DSC00757-2-1024x683.jpg\" alt=\"\" class=\"wp-image-455\" srcset=\"https:\/\/www.kdsport.de\/wp-content\/uploads\/2025\/03\/DSC00757-2-1024x683.jpg 1024w, https:\/\/www.kdsport.de\/wp-content\/uploads\/2025\/03\/DSC00757-2-300x200.jpg 300w, https:\/\/www.kdsport.de\/wp-content\/uploads\/2025\/03\/DSC00757-2-768x512.jpg 768w, https:\/\/www.kdsport.de\/wp-content\/uploads\/2025\/03\/DSC00757-2-1536x1024.jpg 1536w, https:\/\/www.kdsport.de\/wp-content\/uploads\/2025\/03\/DSC00757-2-2048x1365.jpg 2048w\" sizes=\"auto, (max-width: 1024px) 100vw, 1024px\" \/><\/figure>\n\n\n\n<figure class=\"wp-block-image size-large\"><img loading=\"lazy\" decoding=\"async\" width=\"1024\" height=\"683\" data-id=\"456\" src=\"https:\/\/www.kdsport.de\/wp-content\/uploads\/2025\/03\/DSC00727-2-1024x683.jpg\" alt=\"\" class=\"wp-image-456\" srcset=\"https:\/\/www.kdsport.de\/wp-content\/uploads\/2025\/03\/DSC00727-2-1024x683.jpg 1024w, https:\/\/www.kdsport.de\/wp-content\/uploads\/2025\/03\/DSC00727-2-300x200.jpg 300w, https:\/\/www.kdsport.de\/wp-content\/uploads\/2025\/03\/DSC00727-2-768x512.jpg 768w, https:\/\/www.kdsport.de\/wp-content\/uploads\/2025\/03\/DSC00727-2-1536x1024.jpg 1536w, https:\/\/www.kdsport.de\/wp-content\/uploads\/2025\/03\/DSC00727-2-2048x1365.jpg 2048w\" sizes=\"auto, (max-width: 1024px) 100vw, 1024px\" \/><\/figure>\n\n\n\n<figure class=\"wp-block-image size-large\"><img loading=\"lazy\" decoding=\"async\" width=\"1024\" height=\"683\" data-id=\"453\" src=\"https:\/\/www.kdsport.de\/wp-content\/uploads\/2025\/03\/DSC00749-2-1024x683.jpg\" alt=\"\" class=\"wp-image-453\" srcset=\"https:\/\/www.kdsport.de\/wp-content\/uploads\/2025\/03\/DSC00749-2-1024x683.jpg 1024w, https:\/\/www.kdsport.de\/wp-content\/uploads\/2025\/03\/DSC00749-2-300x200.jpg 300w, https:\/\/www.kdsport.de\/wp-content\/uploads\/2025\/03\/DSC00749-2-768x512.jpg 768w, https:\/\/www.kdsport.de\/wp-content\/uploads\/2025\/03\/DSC00749-2-1536x1024.jpg 1536w, https:\/\/www.kdsport.de\/wp-content\/uploads\/2025\/03\/DSC00749-2-2048x1365.jpg 2048w\" sizes=\"auto, (max-width: 1024px) 100vw, 1024px\" \/><\/figure>\n\n\n\n<figure class=\"wp-block-image size-large\"><img loading=\"lazy\" decoding=\"async\" width=\"1024\" height=\"683\" data-id=\"452\" src=\"https:\/\/www.kdsport.de\/wp-content\/uploads\/2025\/03\/DSC00875-2-1024x683.jpg\" alt=\"\" class=\"wp-image-452\" srcset=\"https:\/\/www.kdsport.de\/wp-content\/uploads\/2025\/03\/DSC00875-2-1024x683.jpg 1024w, https:\/\/www.kdsport.de\/wp-content\/uploads\/2025\/03\/DSC00875-2-300x200.jpg 300w, https:\/\/www.kdsport.de\/wp-content\/uploads\/2025\/03\/DSC00875-2-768x512.jpg 768w, https:\/\/www.kdsport.de\/wp-content\/uploads\/2025\/03\/DSC00875-2-1536x1024.jpg 1536w, https:\/\/www.kdsport.de\/wp-content\/uploads\/2025\/03\/DSC00875-2-2048x1365.jpg 2048w\" sizes=\"auto, (max-width: 1024px) 100vw, 1024px\" \/><\/figure>\n\n\n\n<figure class=\"wp-block-image size-large\"><img loading=\"lazy\" decoding=\"async\" width=\"1024\" height=\"683\" data-id=\"451\" src=\"https:\/\/www.kdsport.de\/wp-content\/uploads\/2025\/03\/DSC00878-2-1024x683.jpg\" alt=\"\" class=\"wp-image-451\" srcset=\"https:\/\/www.kdsport.de\/wp-content\/uploads\/2025\/03\/DSC00878-2-1024x683.jpg 1024w, https:\/\/www.kdsport.de\/wp-content\/uploads\/2025\/03\/DSC00878-2-300x200.jpg 300w, https:\/\/www.kdsport.de\/wp-content\/uploads\/2025\/03\/DSC00878-2-768x512.jpg 768w, https:\/\/www.kdsport.de\/wp-content\/uploads\/2025\/03\/DSC00878-2-1536x1024.jpg 1536w, https:\/\/www.kdsport.de\/wp-content\/uploads\/2025\/03\/DSC00878-2-2048x1365.jpg 2048w\" sizes=\"auto, (max-width: 1024px) 100vw, 1024px\" \/><\/figure>\n\n\n\n<figure class=\"wp-block-image size-large\"><img loading=\"lazy\" decoding=\"async\" width=\"683\" height=\"1024\" data-id=\"457\" src=\"https:\/\/www.kdsport.de\/wp-content\/uploads\/2025\/03\/DSC00909-2-683x1024.jpg\" alt=\"\" class=\"wp-image-457\" srcset=\"https:\/\/www.kdsport.de\/wp-content\/uploads\/2025\/03\/DSC00909-2-683x1024.jpg 683w, https:\/\/www.kdsport.de\/wp-content\/uploads\/2025\/03\/DSC00909-2-200x300.jpg 200w, https:\/\/www.kdsport.de\/wp-content\/uploads\/2025\/03\/DSC00909-2-768x1152.jpg 768w, https:\/\/www.kdsport.de\/wp-content\/uploads\/2025\/03\/DSC00909-2-1024x1536.jpg 1024w, https:\/\/www.kdsport.de\/wp-content\/uploads\/2025\/03\/DSC00909-2-1365x2048.jpg 1365w, https:\/\/www.kdsport.de\/wp-content\/uploads\/2025\/03\/DSC00909-2-scaled.jpg 1707w\" sizes=\"auto, (max-width: 683px) 100vw, 683px\" \/><\/figure>\n\n\n\n<figure class=\"wp-block-image size-large\"><img loading=\"lazy\" decoding=\"async\" width=\"683\" height=\"1024\" data-id=\"458\" src=\"https:\/\/www.kdsport.de\/wp-content\/uploads\/2025\/03\/DSC00887-2-683x1024.jpg\" alt=\"\" class=\"wp-image-458\" srcset=\"https:\/\/www.kdsport.de\/wp-content\/uploads\/2025\/03\/DSC00887-2-683x1024.jpg 683w, https:\/\/www.kdsport.de\/wp-content\/uploads\/2025\/03\/DSC00887-2-200x300.jpg 200w, https:\/\/www.kdsport.de\/wp-content\/uploads\/2025\/03\/DSC00887-2-768x1152.jpg 768w, https:\/\/www.kdsport.de\/wp-content\/uploads\/2025\/03\/DSC00887-2-1024x1536.jpg 1024w, https:\/\/www.kdsport.de\/wp-content\/uploads\/2025\/03\/DSC00887-2-1365x2048.jpg 1365w, https:\/\/www.kdsport.de\/wp-content\/uploads\/2025\/03\/DSC00887-2-scaled.jpg 1707w\" sizes=\"auto, (max-width: 683px) 100vw, 683px\" \/><\/figure>\n\n\n\n<figure class=\"wp-block-image size-large\"><img loading=\"lazy\" decoding=\"async\" width=\"1024\" height=\"683\" data-id=\"461\" src=\"https:\/\/www.kdsport.de\/wp-content\/uploads\/2025\/03\/DSC00917-2-1024x683.jpg\" alt=\"\" class=\"wp-image-461\" srcset=\"https:\/\/www.kdsport.de\/wp-content\/uploads\/2025\/03\/DSC00917-2-1024x683.jpg 1024w, https:\/\/www.kdsport.de\/wp-content\/uploads\/2025\/03\/DSC00917-2-300x200.jpg 300w, https:\/\/www.kdsport.de\/wp-content\/uploads\/2025\/03\/DSC00917-2-768x512.jpg 768w, https:\/\/www.kdsport.de\/wp-content\/uploads\/2025\/03\/DSC00917-2-1536x1024.jpg 1536w, https:\/\/www.kdsport.de\/wp-content\/uploads\/2025\/03\/DSC00917-2-2048x1365.jpg 2048w\" sizes=\"auto, (max-width: 1024px) 100vw, 1024px\" \/><\/figure>\n\n\n\n<figure class=\"wp-block-image size-large\"><img loading=\"lazy\" decoding=\"async\" width=\"1024\" height=\"683\" data-id=\"459\" src=\"https:\/\/www.kdsport.de\/wp-content\/uploads\/2025\/03\/DSC00923-2-1024x683.jpg\" alt=\"\" class=\"wp-image-459\" srcset=\"https:\/\/www.kdsport.de\/wp-content\/uploads\/2025\/03\/DSC00923-2-1024x683.jpg 1024w, https:\/\/www.kdsport.de\/wp-content\/uploads\/2025\/03\/DSC00923-2-300x200.jpg 300w, https:\/\/www.kdsport.de\/wp-content\/uploads\/2025\/03\/DSC00923-2-768x512.jpg 768w, https:\/\/www.kdsport.de\/wp-content\/uploads\/2025\/03\/DSC00923-2-1536x1024.jpg 1536w, https:\/\/www.kdsport.de\/wp-content\/uploads\/2025\/03\/DSC00923-2-2048x1365.jpg 2048w\" sizes=\"auto, (max-width: 1024px) 100vw, 1024px\" \/><\/figure>\n\n\n\n<figure class=\"wp-block-image size-large\"><img loading=\"lazy\" decoding=\"async\" width=\"1024\" height=\"683\" data-id=\"462\" src=\"https:\/\/www.kdsport.de\/wp-content\/uploads\/2025\/03\/DSC00955-2-1024x683.jpg\" alt=\"\" class=\"wp-image-462\" srcset=\"https:\/\/www.kdsport.de\/wp-content\/uploads\/2025\/03\/DSC00955-2-1024x683.jpg 1024w, https:\/\/www.kdsport.de\/wp-content\/uploads\/2025\/03\/DSC00955-2-300x200.jpg 300w, https:\/\/www.kdsport.de\/wp-content\/uploads\/2025\/03\/DSC00955-2-768x512.jpg 768w, https:\/\/www.kdsport.de\/wp-content\/uploads\/2025\/03\/DSC00955-2-1536x1024.jpg 1536w, https:\/\/www.kdsport.de\/wp-content\/uploads\/2025\/03\/DSC00955-2-2048x1365.jpg 2048w\" sizes=\"auto, (max-width: 1024px) 100vw, 1024px\" \/><\/figure>\n\n\n\n<figure class=\"wp-block-image size-large\"><img loading=\"lazy\" decoding=\"async\" width=\"1024\" height=\"683\" data-id=\"484\" src=\"https:\/\/www.kdsport.de\/wp-content\/uploads\/2025\/03\/DSC00962-2-2-1024x683.jpg\" alt=\"\" class=\"wp-image-484\" srcset=\"https:\/\/www.kdsport.de\/wp-content\/uploads\/2025\/03\/DSC00962-2-2-1024x683.jpg 1024w, https:\/\/www.kdsport.de\/wp-content\/uploads\/2025\/03\/DSC00962-2-2-300x200.jpg 300w, https:\/\/www.kdsport.de\/wp-content\/uploads\/2025\/03\/DSC00962-2-2-768x512.jpg 768w, https:\/\/www.kdsport.de\/wp-content\/uploads\/2025\/03\/DSC00962-2-2-1536x1024.jpg 1536w, https:\/\/www.kdsport.de\/wp-content\/uploads\/2025\/03\/DSC00962-2-2-2048x1365.jpg 2048w\" sizes=\"auto, (max-width: 1024px) 100vw, 1024px\" \/><\/figure>\n\n\n\n<figure class=\"wp-block-image size-large\"><img loading=\"lazy\" decoding=\"async\" width=\"1024\" height=\"683\" data-id=\"463\" src=\"https:\/\/www.kdsport.de\/wp-content\/uploads\/2025\/03\/DSC00985-2-1024x683.jpg\" alt=\"\" class=\"wp-image-463\" srcset=\"https:\/\/www.kdsport.de\/wp-content\/uploads\/2025\/03\/DSC00985-2-1024x683.jpg 1024w, https:\/\/www.kdsport.de\/wp-content\/uploads\/2025\/03\/DSC00985-2-300x200.jpg 300w, https:\/\/www.kdsport.de\/wp-content\/uploads\/2025\/03\/DSC00985-2-768x512.jpg 768w, https:\/\/www.kdsport.de\/wp-content\/uploads\/2025\/03\/DSC00985-2-1536x1024.jpg 1536w, https:\/\/www.kdsport.de\/wp-content\/uploads\/2025\/03\/DSC00985-2-2048x1365.jpg 2048w\" sizes=\"auto, (max-width: 1024px) 100vw, 1024px\" \/><\/figure>\n<\/figure>\n\n\n<div class=\"wp-block-image\">\n<figure class=\"aligncenter size-large\"><img loading=\"lazy\" decoding=\"async\" width=\"1024\" height=\"683\" src=\"https:\/\/www.kdsport.de\/wp-content\/uploads\/2025\/03\/DSC00754-1-1024x683.jpg\" alt=\"\" class=\"wp-image-485\" srcset=\"https:\/\/www.kdsport.de\/wp-content\/uploads\/2025\/03\/DSC00754-1-1024x683.jpg 1024w, https:\/\/www.kdsport.de\/wp-content\/uploads\/2025\/03\/DSC00754-1-300x200.jpg 300w, https:\/\/www.kdsport.de\/wp-content\/uploads\/2025\/03\/DSC00754-1-768x512.jpg 768w, https:\/\/www.kdsport.de\/wp-content\/uploads\/2025\/03\/DSC00754-1-1536x1024.jpg 1536w, https:\/\/www.kdsport.de\/wp-content\/uploads\/2025\/03\/DSC00754-1-2048x1365.jpg 2048w\" sizes=\"auto, (max-width: 1024px) 100vw, 1024px\" \/><\/figure>\n<\/div>","protected":false},"excerpt":{"rendered":"<p>Am 1. M\u00e4rz 2025 nahm KD Sport an einem hochkar\u00e4tigen Taekwondo-Lehrgang in Bobingen teil. Vier renommierte Gro\u00dfmeister vermittelten ihr Wissen in den Bereichen Wettkampf, Formenlauf und Pratzentraining. KD Sport bedankt sich f\u00fcr die inspirierende Veranstaltung und freut sich auf zuk\u00fcnftige Lehrg\u00e4nge!<\/p>\n","protected":false},"author":7,"featured_media":0,"parent":0,"menu_order":0,"comment_status":"closed","ping_status":"closed","template":"","meta":{"footnotes":""},"class_list":["post-449","page","type-page","status-publish","hentry"],"_links":{"self":[{"href":"https:\/\/www.kdsport.de\/index.php?rest_route=\/wp\/v2\/pages\/449","targetHints":{"allow":["GET"]}}],"collection":[{"href":"https:\/\/www.kdsport.de\/index.php?rest_route=\/wp\/v2\/pages"}],"about":[{"href":"https:\/\/www.kdsport.de\/index.php?rest_route=\/wp\/v2\/types\/page"}],"author":[{"embeddable":true,"href":"https:\/\/www.kdsport.de\/index.php?rest_route=\/wp\/v2\/users\/7"}],"replies":[{"embeddable":true,"href":"https:\/\/www.kdsport.de\/index.php?rest_route=%2Fwp%2Fv2%2Fcomments&post=449"}],"version-history":[{"count":7,"href":"https:\/\/www.kdsport.de\/index.php?rest_route=\/wp\/v2\/pages\/449\/revisions"}],"predecessor-version":[{"id":549,"href":"https:\/\/www.kdsport.de\/index.php?rest_route=\/wp\/v2\/pages\/449\/revisions\/549"}],"wp:attachment":[{"href":"https:\/\/www.kdsport.de\/index.php?rest_route=%2Fwp%2Fv2%2Fmedia&parent=449"}],"curies":[{"name":"wp","href":"https:\/\/api.w.org\/{rel}","templated":true}]}}