{"id":707,"date":"2025-12-01T01:03:17","date_gmt":"2025-12-01T00:03:17","guid":{"rendered":"https:\/\/www.kdsport.de\/?page_id=707"},"modified":"2025-12-01T01:03:17","modified_gmt":"2025-12-01T00:03:17","slug":"keup-und-danpruefung-2025","status":"publish","type":"page","link":"https:\/\/www.kdsport.de\/?page_id=707","title":{"rendered":"Keup- und Danpr\u00fcfung 2025"},"content":{"rendered":"\n<p>Die Keup-Pr\u00fcfung ist ein wichtiger Meilenstein im Taekwondo und zeigt, wie viel Einsatz, Disziplin und Technik unsere Taekwondo-Sch\u00fclerin und Sch\u00fcler auf ihrem Weg zur n\u00e4chsten G\u00fcrtelfarbe entwickeln. Mit gro\u00dfer Konzentration und starkem Durchhalteverm\u00f6gen haben alle Teilnehmenden ihre F\u00e4higkeiten eindrucksvoll unter Beweis gestellt.<\/p>\n\n\n\n<p>Unsere Fotogalerie h\u00e4lt die besonderen Momente dieses Tages fest. Von kraftvollen Techniken bis hin zur Freude \u00fcber die erreichten Erfolge. Wir sind stolz auf jede Taekwondo-Sch\u00fclerin und jeden Taekwondo-Sch\u00fcler und gratulieren herzlich zu den bestandenen Pr\u00fcfungen!<\/p>\n\n\n\n<figure class=\"wp-block-gallery has-nested-images columns-default is-cropped wp-block-gallery-1 is-layout-flex wp-block-gallery-is-layout-flex\"><div class=\"wp-block-image\">\n<figure class=\"aligncenter size-large\"><img decoding=\"async\" data-id=\"736\" src=\"https:\/\/www.kdsport.de\/wp-content\/uploads\/2025\/12\/1-3.jpg\" alt=\"\" class=\"wp-image-736\"\/><\/figure>\n<\/div>\n\n\n<figure class=\"wp-block-image size-large\"><img loading=\"lazy\" decoding=\"async\" width=\"1439\" height=\"2560\" data-id=\"734\" src=\"https:\/\/www.kdsport.de\/wp-content\/uploads\/2025\/12\/2-1-scaled.jpg\" alt=\"\" class=\"wp-image-734\"\/><\/figure>\n\n\n\n<figure class=\"wp-block-image size-large\"><img loading=\"lazy\" decoding=\"async\" width=\"2560\" height=\"1439\" data-id=\"710\" src=\"https:\/\/www.kdsport.de\/wp-content\/uploads\/2025\/12\/3-scaled.jpg\" alt=\"\" class=\"wp-image-710\"\/><\/figure>\n\n\n\n<figure class=\"wp-block-image size-large\"><img loading=\"lazy\" decoding=\"async\" width=\"576\" height=\"1024\" data-id=\"768\" src=\"https:\/\/www.kdsport.de\/wp-content\/uploads\/2025\/12\/DSC04098-576x1024.jpg\" alt=\"\" class=\"wp-image-768\" srcset=\"https:\/\/www.kdsport.de\/wp-content\/uploads\/2025\/12\/DSC04098-576x1024.jpg 576w, https:\/\/www.kdsport.de\/wp-content\/uploads\/2025\/12\/DSC04098-169x300.jpg 169w, https:\/\/www.kdsport.de\/wp-content\/uploads\/2025\/12\/DSC04098-768x1367.jpg 768w, https:\/\/www.kdsport.de\/wp-content\/uploads\/2025\/12\/DSC04098-863x1536.jpg 863w, https:\/\/www.kdsport.de\/wp-content\/uploads\/2025\/12\/DSC04098-scaled.jpg 1439w\" sizes=\"auto, (max-width: 576px) 100vw, 576px\" \/><\/figure>\n\n\n\n<figure class=\"wp-block-image size-large\"><img decoding=\"async\" data-id=\"714\" src=\"https:\/\/www.kdsport.de\/wp-content\/uploads\/2025\/12\/5.jpg\" alt=\"\" class=\"wp-image-714\"\/><\/figure>\n\n\n\n<figure class=\"wp-block-image size-full\"><img decoding=\"async\" data-id=\"758\" src=\"https:\/\/www.kdsport.de\/wp-content\/uploads\/2025\/12\/B6.png\" alt=\"\" class=\"wp-image-758\"\/><\/figure>\n\n\n\n<figure class=\"wp-block-image size-large\"><img decoding=\"async\" data-id=\"712\" src=\"https:\/\/www.kdsport.de\/wp-content\/uploads\/2025\/12\/7.jpg\" alt=\"\" class=\"wp-image-712\"\/><\/figure>\n\n\n\n<figure class=\"wp-block-image size-large\"><img loading=\"lazy\" decoding=\"async\" width=\"1024\" height=\"576\" data-id=\"773\" src=\"https:\/\/www.kdsport.de\/wp-content\/uploads\/2025\/12\/C2951T01-1-1024x576.jpg\" alt=\"\" class=\"wp-image-773\" srcset=\"https:\/\/www.kdsport.de\/wp-content\/uploads\/2025\/12\/C2951T01-1-1024x576.jpg 1024w, https:\/\/www.kdsport.de\/wp-content\/uploads\/2025\/12\/C2951T01-1-300x169.jpg 300w, https:\/\/www.kdsport.de\/wp-content\/uploads\/2025\/12\/C2951T01-1-768x432.jpg 768w, https:\/\/www.kdsport.de\/wp-content\/uploads\/2025\/12\/C2951T01-1.jpg 1280w\" sizes=\"auto, (max-width: 1024px) 100vw, 1024px\" \/><\/figure>\n\n\n\n<figure class=\"wp-block-image size-large\"><img loading=\"lazy\" decoding=\"async\" width=\"576\" height=\"1024\" data-id=\"774\" src=\"https:\/\/www.kdsport.de\/wp-content\/uploads\/2025\/12\/C3013T01-576x1024.jpg\" alt=\"\" class=\"wp-image-774\" srcset=\"https:\/\/www.kdsport.de\/wp-content\/uploads\/2025\/12\/C3013T01-576x1024.jpg 576w, https:\/\/www.kdsport.de\/wp-content\/uploads\/2025\/12\/C3013T01-169x300.jpg 169w, https:\/\/www.kdsport.de\/wp-content\/uploads\/2025\/12\/C3013T01-rotated.jpg 720w\" sizes=\"auto, (max-width: 576px) 100vw, 576px\" \/><\/figure>\n\n\n\n<figure class=\"wp-block-image size-large\"><img loading=\"lazy\" decoding=\"async\" width=\"576\" height=\"1024\" data-id=\"775\" src=\"https:\/\/www.kdsport.de\/wp-content\/uploads\/2025\/12\/C3015T01-576x1024.jpg\" alt=\"\" class=\"wp-image-775\" srcset=\"https:\/\/www.kdsport.de\/wp-content\/uploads\/2025\/12\/C3015T01-576x1024.jpg 576w, https:\/\/www.kdsport.de\/wp-content\/uploads\/2025\/12\/C3015T01-169x300.jpg 169w, https:\/\/www.kdsport.de\/wp-content\/uploads\/2025\/12\/C3015T01-rotated.jpg 720w\" sizes=\"auto, (max-width: 576px) 100vw, 576px\" \/><\/figure>\n\n\n\n<figure class=\"wp-block-image size-large\"><img loading=\"lazy\" decoding=\"async\" width=\"460\" height=\"1024\" data-id=\"708\" src=\"https:\/\/www.kdsport.de\/wp-content\/uploads\/2025\/12\/8-460x1024.jpg\" alt=\"\" class=\"wp-image-708\" srcset=\"https:\/\/www.kdsport.de\/wp-content\/uploads\/2025\/12\/8-460x1024.jpg 460w, https:\/\/www.kdsport.de\/wp-content\/uploads\/2025\/12\/8-135x300.jpg 135w, https:\/\/www.kdsport.de\/wp-content\/uploads\/2025\/12\/8-768x1710.jpg 768w, https:\/\/www.kdsport.de\/wp-content\/uploads\/2025\/12\/8-690x1536.jpg 690w, https:\/\/www.kdsport.de\/wp-content\/uploads\/2025\/12\/8.jpg 920w\" sizes=\"auto, (max-width: 460px) 100vw, 460px\" \/><\/figure>\n\n\n\n<figure class=\"wp-block-image size-large\"><img loading=\"lazy\" decoding=\"async\" width=\"460\" height=\"1024\" data-id=\"716\" src=\"https:\/\/www.kdsport.de\/wp-content\/uploads\/2025\/12\/9-460x1024.jpg\" alt=\"\" class=\"wp-image-716\" srcset=\"https:\/\/www.kdsport.de\/wp-content\/uploads\/2025\/12\/9-460x1024.jpg 460w, https:\/\/www.kdsport.de\/wp-content\/uploads\/2025\/12\/9-135x300.jpg 135w, https:\/\/www.kdsport.de\/wp-content\/uploads\/2025\/12\/9-768x1710.jpg 768w, https:\/\/www.kdsport.de\/wp-content\/uploads\/2025\/12\/9-690x1536.jpg 690w, https:\/\/www.kdsport.de\/wp-content\/uploads\/2025\/12\/9.jpg 920w\" sizes=\"auto, (max-width: 460px) 100vw, 460px\" \/><\/figure>\n<\/figure>\n\n\n\n<figure class=\"wp-block-gallery has-nested-images columns-default is-cropped wp-block-gallery-2 is-layout-flex wp-block-gallery-is-layout-flex\">\n<figure class=\"wp-block-image size-large\"><img decoding=\"async\" data-id=\"763\" src=\"https:\/\/www.kdsport.de\/wp-content\/uploads\/2025\/12\/B10.png\" alt=\"\" class=\"wp-image-763\"\/><\/figure>\n\n\n\n<figure class=\"wp-block-image size-large\"><img loading=\"lazy\" decoding=\"async\" width=\"1024\" height=\"767\" data-id=\"764\" src=\"https:\/\/www.kdsport.de\/wp-content\/uploads\/2025\/12\/11-3-edited-1024x767.jpeg\" alt=\"\" class=\"wp-image-764\" srcset=\"https:\/\/www.kdsport.de\/wp-content\/uploads\/2025\/12\/11-3-edited-1024x767.jpeg 1024w, https:\/\/www.kdsport.de\/wp-content\/uploads\/2025\/12\/11-3-edited-300x225.jpeg 300w, https:\/\/www.kdsport.de\/wp-content\/uploads\/2025\/12\/11-3-edited-768x576.jpeg 768w, https:\/\/www.kdsport.de\/wp-content\/uploads\/2025\/12\/11-3-edited.jpeg 1429w\" sizes=\"auto, (max-width: 1024px) 100vw, 1024px\" \/><\/figure>\n<\/figure>\n\n\n\n<p><\/p>\n\n\n\n<div class=\"wp-block-group is-nowrap is-layout-flex wp-container-core-group-is-layout-ad2f72ca wp-block-group-is-layout-flex\">\n<p>Die Dan-Pr\u00fcfung stellt im Taekwondo einen besonderen H\u00f6hepunkt dar. Sie verlangt nicht nur technische Pr\u00e4zision, sondern auch geistige St\u00e4rke, Ausdauer und langj\u00e4hrige Erfahrung. Unsere Dan-Anw\u00e4rter haben mit beeindruckender Hingabe gezeigt, was es bedeutet, den Weg des Taekwondo konsequent zu verfolgen.<\/p>\n<\/div>\n\n\n\n<figure class=\"wp-block-gallery aligncenter has-nested-images columns-default is-cropped wp-block-gallery-3 is-layout-flex wp-block-gallery-is-layout-flex\">\n<figure class=\"wp-block-image size-large\"><img loading=\"lazy\" decoding=\"async\" width=\"577\" height=\"1024\" data-id=\"727\" src=\"https:\/\/www.kdsport.de\/wp-content\/uploads\/2025\/12\/Dan-1-1-577x1024.jpg\" alt=\"\" class=\"wp-image-727\" srcset=\"https:\/\/www.kdsport.de\/wp-content\/uploads\/2025\/12\/Dan-1-1-577x1024.jpg 577w, https:\/\/www.kdsport.de\/wp-content\/uploads\/2025\/12\/Dan-1-1-169x300.jpg 169w, https:\/\/www.kdsport.de\/wp-content\/uploads\/2025\/12\/Dan-1-1-768x1364.jpg 768w, https:\/\/www.kdsport.de\/wp-content\/uploads\/2025\/12\/Dan-1-1-865x1536.jpg 865w, https:\/\/www.kdsport.de\/wp-content\/uploads\/2025\/12\/Dan-1-1.jpg 1126w\" sizes=\"auto, (max-width: 577px) 100vw, 577px\" \/><\/figure>\n\n\n\n<figure class=\"wp-block-image size-large\"><img loading=\"lazy\" decoding=\"async\" width=\"768\" height=\"1024\" data-id=\"725\" src=\"https:\/\/www.kdsport.de\/wp-content\/uploads\/2025\/12\/Dan-2-768x1024.jpg\" alt=\"\" class=\"wp-image-725\" srcset=\"https:\/\/www.kdsport.de\/wp-content\/uploads\/2025\/12\/Dan-2-768x1024.jpg 768w, https:\/\/www.kdsport.de\/wp-content\/uploads\/2025\/12\/Dan-2-225x300.jpg 225w, https:\/\/www.kdsport.de\/wp-content\/uploads\/2025\/12\/Dan-2-1152x1536.jpg 1152w, https:\/\/www.kdsport.de\/wp-content\/uploads\/2025\/12\/Dan-2.jpg 1170w\" sizes=\"auto, (max-width: 768px) 100vw, 768px\" \/><\/figure>\n\n\n\n<figure class=\"wp-block-image size-large\"><img loading=\"lazy\" decoding=\"async\" width=\"1024\" height=\"768\" data-id=\"726\" src=\"https:\/\/www.kdsport.de\/wp-content\/uploads\/2025\/12\/Dan-3-1024x768.jpeg\" alt=\"\" class=\"wp-image-726\" srcset=\"https:\/\/www.kdsport.de\/wp-content\/uploads\/2025\/12\/Dan-3-1024x768.jpeg 1024w, https:\/\/www.kdsport.de\/wp-content\/uploads\/2025\/12\/Dan-3-300x225.jpeg 300w, https:\/\/www.kdsport.de\/wp-content\/uploads\/2025\/12\/Dan-3-768x576.jpeg 768w, https:\/\/www.kdsport.de\/wp-content\/uploads\/2025\/12\/Dan-3-1536x1152.jpeg 1536w, https:\/\/www.kdsport.de\/wp-content\/uploads\/2025\/12\/Dan-3.jpeg 2048w\" sizes=\"auto, (max-width: 1024px) 100vw, 1024px\" \/><\/figure>\n\n\n\n<figure class=\"wp-block-image size-large\"><img loading=\"lazy\" decoding=\"async\" width=\"1024\" height=\"768\" data-id=\"723\" src=\"https:\/\/www.kdsport.de\/wp-content\/uploads\/2025\/12\/Dan-4-1024x768.jpeg\" alt=\"\" class=\"wp-image-723\" srcset=\"https:\/\/www.kdsport.de\/wp-content\/uploads\/2025\/12\/Dan-4-1024x768.jpeg 1024w, https:\/\/www.kdsport.de\/wp-content\/uploads\/2025\/12\/Dan-4-300x225.jpeg 300w, https:\/\/www.kdsport.de\/wp-content\/uploads\/2025\/12\/Dan-4-768x576.jpeg 768w, https:\/\/www.kdsport.de\/wp-content\/uploads\/2025\/12\/Dan-4-1536x1152.jpeg 1536w, https:\/\/www.kdsport.de\/wp-content\/uploads\/2025\/12\/Dan-4.jpeg 1600w\" sizes=\"auto, (max-width: 1024px) 100vw, 1024px\" \/><\/figure>\n<\/figure>\n","protected":false},"excerpt":{"rendered":"<p>Die Keup-Pr\u00fcfung ist ein wichtiger Meilenstein im Taekwondo und zeigt, wie viel Einsatz, Disziplin und Technik unsere Taekwondo-Sch\u00fclerin und Sch\u00fcler auf ihrem Weg zur n\u00e4chsten G\u00fcrtelfarbe entwickeln. Mit gro\u00dfer Konzentration und starkem Durchhalteverm\u00f6gen haben alle Teilnehmenden ihre F\u00e4higkeiten eindrucksvoll unter Beweis gestellt. Unsere Fotogalerie h\u00e4lt die besonderen Momente dieses Tages fest. Von kraftvollen Techniken bis [&hellip;]<\/p>\n","protected":false},"author":7,"featured_media":0,"parent":0,"menu_order":0,"comment_status":"closed","ping_status":"closed","template":"","meta":{"footnotes":""},"class_list":["post-707","page","type-page","status-publish","hentry"],"_links":{"self":[{"href":"https:\/\/www.kdsport.de\/index.php?rest_route=\/wp\/v2\/pages\/707","targetHints":{"allow":["GET"]}}],"collection":[{"href":"https:\/\/www.kdsport.de\/index.php?rest_route=\/wp\/v2\/pages"}],"about":[{"href":"https:\/\/www.kdsport.de\/index.php?rest_route=\/wp\/v2\/types\/page"}],"author":[{"embeddable":true,"href":"https:\/\/www.kdsport.de\/index.php?rest_route=\/wp\/v2\/users\/7"}],"replies":[{"embeddable":true,"href":"https:\/\/www.kdsport.de\/index.php?rest_route=%2Fwp%2Fv2%2Fcomments&post=707"}],"version-history":[{"count":4,"href":"https:\/\/www.kdsport.de\/index.php?rest_route=\/wp\/v2\/pages\/707\/revisions"}],"predecessor-version":[{"id":778,"href":"https:\/\/www.kdsport.de\/index.php?rest_route=\/wp\/v2\/pages\/707\/revisions\/778"}],"wp:attachment":[{"href":"https:\/\/www.kdsport.de\/index.php?rest_route=%2Fwp%2Fv2%2Fmedia&parent=707"}],"curies":[{"name":"wp","href":"https:\/\/api.w.org\/{rel}","templated":true}]}}